{"id":8,"date":"2023-09-15T14:59:28","date_gmt":"2023-09-15T12:59:28","guid":{"rendered":"http:\/\/bierpuzzle.de\/?page_id=3"},"modified":"2024-12-10T11:19:16","modified_gmt":"2024-12-10T10:19:16","slug":"datenschutzerklaerung-2","status":"publish","type":"page","link":"http:\/\/bayreuth-puzzle.de\/?page_id=8","title":{"rendered":"Datenschutzerkl\u00e4rung"},"content":{"rendered":"<h2 class=\"wp-block-heading\">DATENSCHUTZHINWEISE F\u00dcR UNSERE WEBSITE<\/h2><p>Die nachfolgenden Hinweise geben Ihnen einen \u00dcberblick, welche Daten wir von Ihnen im Zusammenhang mit der Nutzung unserer Website erheben und verarbeiten.<\/p><p>1. Name und die Kontaktdaten des Verantwortlichen<\/p><p>mediaconsult GmbH<br>Andechsstra\u00dfe 86<br>95445 Bayreuth<\/p><p>Vertreten durch: Andreas T\u00fcrk<\/p><p>Telefon: 0921 99009821<br>E-Mail: <a href=\"mailto:info@mediaconsult-gmbh.de\">info@mediaconsult-gmbh.de<\/a><\/p><p>2. Welche Daten verarbeiten wir \u00fcber unsere Website und zu welchem Zweck?<\/p><figure class=\"wp-block-table\"><table class=\"has-fixed-layout\"><tbody><tr><td>Bereich\/Personenbezogene Daten<\/td><td>Zweck der Datenverarbeitung<\/td><td>Rechtgrundlage<\/td><\/tr><tr><td>Aufruf der Website: IP-Adresse<\/td><td>Zur Gew\u00e4hrleistung des Verbindungsaufbaus der Website, sowie zur komfortablen Nutzung unserer Website und zu administrativen Zwecken.<\/td><td>Art. 6 Abs. 1 f) DS-GVO<\/td><\/tr><tr><td>Bestellformular:&nbsp; Name, Vorname, Adresse, PLZ, Stadt, Telefon Bundesland<\/td><td>Bereitstellung des Bestellformulars, Bestellvorgang mit Bezahlm\u00f6glichkeiten. Eine weitergehende Verarbeitung findet nicht statt.<\/td><td>Art. 6 Abs. 1 f) DS-GVO<\/td><\/tr><\/tbody><\/table><\/figure><p>3. Weitergabe an Dritte<\/p><p>Informationen k\u00f6nnen gegebenenfalls also auch durch andere Gesellschaften verarbeitet werden, allerdings nur, soweit das f\u00fcr die in dieser Datenschutzerkl\u00e4rung genannten Zwecke erforderlich ist oder die andere Gesellschaft als weisungsgebundener Dienstleister \/ Auftragsverarbeiter t\u00e4tig wird.<\/p><p>Wir \u00fcbermitteln Ihre personenbezogenen Daten, die mit Hilfe der Website erfasst werden, zur Zeit nicht an Dritte oder andere Stellen.<\/p><p>Wir verkaufen Ihre Daten auch nicht an Dritte, noch vermarkten wir sie anderweitig. Dar\u00fcber hinaus werden Ihre personenbezogenen Daten ohne Ihre ausdr\u00fcckliche Einwilligung an die Strafverfolgungsbeh\u00f6rden sowie gegebenenfalls an gesch\u00e4digte Dritte weitergeleitet, wenn es zur Aufkl\u00e4rung einer rechtswidrigen Nutzung unserer Dienste oder f\u00fcr die Rechtsverfolgung erforderlich ist. Dies geschieht jedoch nur dann, wenn konkrete Anhaltspunkte f\u00fcr ein gesetzwidriges beziehungsweise missbr\u00e4uchliches Verhalten vorliegen. Eine Weitergabe kann auch dann stattfinden, wenn dies der Durchsetzung von Nutzungsbedingungen oder anderer Vereinbarungen dient. Wir sind zudem gesetzlich verpflichtet, auf Anfrage bestimmten \u00f6ffentlichen Stellen Auskunft zu erteilen. Dies sind Strafverfolgungsbeh\u00f6rden, Beh\u00f6rden, die bu\u00dfgeldbewehrte Ordnungswidrigkeiten verfolgen und die Finanzbeh\u00f6rden. Die Weitergabe dieser Daten erfolgt auf Grundlage unseres berechtigten Interesses an der Bek\u00e4mpfung von Missbrauch, der Verfolgung von Straftaten und der Sicherung, Geltendmachung und Durchsetzung von Anspr\u00fcchen sofern Ihre Rechte und Interessen am Schutz Ihrer personenbezogenen Daten nicht \u00fcberwiegen, Art. 6 Abs. 1 lit. f DSGVO.<\/p><p>4. Geplante Daten\u00fcbermittlung an Drittstaaten<\/p><p>Eine \u00dcbermittlung an Drittstaaten ist zur Zeit nicht geplant, ansonsten werden die entsprechenden rechtlichen Voraussetzungen geschaffen. Insbesondere werden Sie den gesetzlichen Anforderungen entsprechend \u00fcber die jeweiligen Empf\u00e4nger oder Kategorien von Empf\u00e4ngern informiert.<\/p><p>5. Ihre Rechte<\/p><p>Sie haben jederzeit das Recht, von uns auf Antrag eine Auskunft \u00fcber die von uns verarbeiteten, Sie betreffenden personenbezogenen Daten im Umfang des Art. 15 DSGVO zu erhalten. Hierzu k\u00f6nnen Sie einen Antrag postalisch oder per E-Mail an die angegebene Adresse stellen.<\/p><p>Email <a href=\"mailto:info@mediaconsult-gmbh.de\">info@mediaconsult-gmbh.de<\/a> bzw. an die postalische Adresse unter Kontaktdaten des Verantwortlichen.<\/p>","protected":false},"excerpt":{"rendered":"<p>DATENSCHUTZHINWEISE F\u00dcR UNSERE WEBSITE Die nachfolgenden Hinweise geben Ihnen einen \u00dcberblick, welche Daten wir von Ihnen im Zusammenhang mit der Nutzung unserer Website erheben und verarbeiten. 1. Name und die Kontaktdaten des Verantwortlichen mediaconsult GmbHAndechsstra\u00dfe 8695445 Bayreuth Vertreten durch: Andreas T\u00fcrk Telefon: 0921 99009821E-Mail: info@mediaconsult-gmbh.de 2. Welche Daten verarbeiten wir \u00fcber unsere Website und zu&hellip; <a class=\"more-link\" href=\"http:\/\/bayreuth-puzzle.de\/?page_id=8\"><span class=\"screen-reader-text\">Datenschutzerkl\u00e4rung<\/span> weiterlesen<\/a><\/p>\n","protected":false},"author":1,"featured_media":0,"parent":0,"menu_order":0,"comment_status":"closed","ping_status":"open","template":"","meta":{"footnotes":""},"class_list":["post-8","page","type-page","status-publish","hentry","entry"],"jetpack_sharing_enabled":true,"_links":{"self":[{"href":"http:\/\/bayreuth-puzzle.de\/index.php?rest_route=\/wp\/v2\/pages\/8","targetHints":{"allow":["GET"]}}],"collection":[{"href":"http:\/\/bayreuth-puzzle.de\/index.php?rest_route=\/wp\/v2\/pages"}],"about":[{"href":"http:\/\/bayreuth-puzzle.de\/index.php?rest_route=\/wp\/v2\/types\/page"}],"author":[{"embeddable":true,"href":"http:\/\/bayreuth-puzzle.de\/index.php?rest_route=\/wp\/v2\/users\/1"}],"replies":[{"embeddable":true,"href":"http:\/\/bayreuth-puzzle.de\/index.php?rest_route=%2Fwp%2Fv2%2Fcomments&post=8"}],"version-history":[{"count":3,"href":"http:\/\/bayreuth-puzzle.de\/index.php?rest_route=\/wp\/v2\/pages\/8\/revisions"}],"predecessor-version":[{"id":188,"href":"http:\/\/bayreuth-puzzle.de\/index.php?rest_route=\/wp\/v2\/pages\/8\/revisions\/188"}],"wp:attachment":[{"href":"http:\/\/bayreuth-puzzle.de\/index.php?rest_route=%2Fwp%2Fv2%2Fmedia&parent=8"}],"curies":[{"name":"wp","href":"https:\/\/api.w.org\/{rel}","templated":true}]}}